{"id":1955,"date":"2025-03-27T18:42:50","date_gmt":"2025-03-27T18:42:50","guid":{"rendered":"https:\/\/eriksegel.com\/?post_type=product&#038;p=1955"},"modified":"2025-06-12T14:54:18","modified_gmt":"2025-06-12T14:54:18","slug":"hasitsdark-tshirt","status":"publish","type":"product","link":"https:\/\/eriksegel.com\/es\/producto\/hasitsdark-tshirt\/","title":{"rendered":"Camiseta Has Its Dark"},"content":{"rendered":"<p class=\"\" data-start=\"57\" data-end=\"121\"><strong data-start=\"57\" data-end=\"121\">Camiseta \"Has Its Dark\" \u00b7 100% algod\u00f3n \u00b7 Roly Atomic 150<\/strong><\/p>\n<p>\u00b7<\/p>\n<p class=\"translation-block\" data-start=\"123\" data-end=\"369\"><strong data-start=\"123\" data-end=\"137\">Importante:<\/strong> La l\u00ednea de camisetas Roly Atomic 150 es un tejido fino que tiende a encoger en los primeros lavados, y adem\u00e1s tiene un patr\u00f3n bastante entallado. Recomendamos seleccionar una talla superior a la que suelas llevar en tus otras camisetas.<\/p>","protected":false},"excerpt":{"rendered":"<p class=\"\" data-start=\"57\" data-end=\"121\"><strong data-start=\"57\" data-end=\"121\">Camiseta \"Has Its Dark\" \u00b7 100% algod\u00f3n \u00b7 Roly Atomic 150<\/strong><\/p>\n<p>\u00b7<\/p>\n<p class=\"translation-block\" data-start=\"123\" data-end=\"369\"><strong data-start=\"123\" data-end=\"137\">Importante:<\/strong> La l\u00ednea de camisetas Roly Atomic 150 es un tejido fino que tiende a encoger en los primeros lavados, y adem\u00e1s tiene un patr\u00f3n bastante entallado. Recomendamos seleccionar una talla superior a la que suelas llevar en tus otras camisetas.<\/p>\n<p>&nbsp;<\/p>\n<p>Tabla de medidas<\/p>\n<table dir=\"ltr\" border=\"1\" cellspacing=\"0\" cellpadding=\"0\" data-sheets-root=\"1\" data-sheets-baot=\"1\">\n<colgroup>\n<col width=\"100\" \/>\n<col width=\"100\" \/><\/colgroup>\n<tbody>\n<tr>\n<td>Talla<\/td>\n<td>\n<div>\n<div>Medidas<\/div>\n<\/div>\n<\/td>\n<\/tr>\n<tr>\n<td>S<\/td>\n<td>[48cm\/69cm]<\/td>\n<\/tr>\n<tr>\n<td>M<\/td>\n<td>[50cm\/71cm]<\/td>\n<\/tr>\n<tr>\n<td>L<\/td>\n<td>[54cm\/73cm]<\/td>\n<\/tr>\n<tr>\n<td>XL<\/td>\n<td>[58cm\/75cm]<\/td>\n<\/tr>\n<tr>\n<td>2XL<\/td>\n<td>[62cm\/77cm]<\/td>\n<\/tr>\n<tr>\n<td>3XL<\/td>\n<td>[66cm\/79cm]<\/td>\n<\/tr>\n<\/tbody>\n<\/table>","protected":false},"featured_media":1974,"template":"","meta":{"_surecart_dashboard_logo_width":"180px","_surecart_dashboard_show_logo":true,"_surecart_dashboard_navigation_orders":true,"_surecart_dashboard_navigation_invoices":true,"_surecart_dashboard_navigation_subscriptions":true,"_surecart_dashboard_navigation_downloads":true,"_surecart_dashboard_navigation_billing":true,"_surecart_dashboard_navigation_account":true,"_uag_custom_page_level_css":"","site-sidebar-layout":"default","site-content-layout":"","ast-site-content-layout":"default","site-content-style":"default","site-sidebar-style":"default","ast-global-header-display":"","ast-banner-title-visibility":"","ast-main-header-display":"","ast-hfb-above-header-display":"","ast-hfb-below-header-display":"","ast-hfb-mobile-header-display":"","site-post-title":"","ast-breadcrumbs-content":"","ast-featured-img":"","footer-sml-layout":"","ast-disable-related-posts":"","theme-transparent-header-meta":"default","adv-header-id-meta":"","stick-header-meta":"","header-above-stick-meta":"","header-main-stick-meta":"","header-below-stick-meta":"","astra-migrate-meta-layouts":"set","ast-page-background-enabled":"default","ast-page-background-meta":{"desktop":{"background-color":"","background-image":"","background-repeat":"repeat","background-position":"center center","background-size":"auto","background-attachment":"scroll","background-type":"","background-media":"","overlay-type":"","overlay-color":"","overlay-opacity":"","overlay-gradient":""},"tablet":{"background-color":"","background-image":"","background-repeat":"repeat","background-position":"center center","background-size":"auto","background-attachment":"scroll","background-type":"","background-media":"","overlay-type":"","overlay-color":"","overlay-opacity":"","overlay-gradient":""},"mobile":{"background-color":"","background-image":"","background-repeat":"repeat","background-position":"center center","background-size":"auto","background-attachment":"scroll","background-type":"","background-media":"","overlay-type":"","overlay-color":"","overlay-opacity":"","overlay-gradient":""}},"ast-content-background-meta":{"desktop":{"background-color":"var(--ast-global-color-5)","background-image":"","background-repeat":"repeat","background-position":"center center","background-size":"auto","background-attachment":"scroll","background-type":"","background-media":"","overlay-type":"","overlay-color":"","overlay-opacity":"","overlay-gradient":""},"tablet":{"background-color":"var(--ast-global-color-5)","background-image":"","background-repeat":"repeat","background-position":"center center","background-size":"auto","background-attachment":"scroll","background-type":"","background-media":"","overlay-type":"","overlay-color":"","overlay-opacity":"","overlay-gradient":""},"mobile":{"background-color":"var(--ast-global-color-5)","background-image":"","background-repeat":"repeat","background-position":"center center","background-size":"auto","background-attachment":"scroll","background-type":"","background-media":"","overlay-type":"","overlay-color":"","overlay-opacity":"","overlay-gradient":""}}},"product_brand":[],"product_cat":[32],"product_tag":[21,20,18,19],"class_list":{"0":"post-1955","1":"product","2":"type-product","3":"status-publish","4":"has-post-thumbnail","6":"product_cat-t-shirt","7":"product_tag-camiseta","8":"product_tag-shirt","9":"product_tag-tee","10":"product_tag-tshirt","11":"product_shipping_class-camiseta","12":"desktop-align-left","13":"tablet-align-left","14":"mobile-align-left","16":"first","17":"instock","18":"shipping-taxable","19":"purchasable","20":"product-type-variable"},"yoast_head":"<!-- This site is optimized with the Yoast SEO plugin v27.4 - https:\/\/yoast.com\/product\/yoast-seo-wordpress\/ -->\n<title>Has Its Dark T-Shirt - eriksegel.com<\/title>\n<meta name=\"robots\" content=\"index, follow, max-snippet:-1, max-image-preview:large, max-video-preview:-1\" \/>\n<link rel=\"canonical\" href=\"https:\/\/eriksegel.com\/es\/producto\/hasitsdark-tshirt\/?currency=eur\" \/>\n<meta property=\"og:locale\" content=\"es_ES\" \/>\n<meta property=\"og:type\" content=\"article\" \/>\n<meta property=\"og:title\" content=\"Has Its Dark T-Shirt - eriksegel.com\" \/>\n<meta property=\"og:description\" content=\"&quot;Has its dark&quot; T-shirt \u00b7 100% cotton \u00b7 Roly Atomic 150 \u00b7 Important: The Roly Atomic 150 T-shirt line is made from a lightweight fabric that tends to shrink in the first few washes. It also has a rather slim fit. We recommend choosing one size larger than you usually wear in other T-shirts. &nbsp;  T-shirt size chart:     Size   Measurements    S [48cm\/69cm]   M [50cm\/71cm]   L [54cm\/73cm]   XL [58cm\/75cm]   2XL [62cm\/77cm]   3XL [66cm\/79cm]\" \/>\n<meta property=\"og:url\" content=\"https:\/\/eriksegel.com\/es\/producto\/hasitsdark-tshirt\/?currency=eur\" \/>\n<meta property=\"og:site_name\" content=\"eriksegel.com\" \/>\n<meta property=\"article:publisher\" content=\"https:\/\/www.facebook.com\/erikksegel\" \/>\n<meta property=\"article:modified_time\" content=\"2025-06-12T14:54:18+00:00\" \/>\n<meta property=\"og:image\" content=\"https:\/\/eriksegel.com\/wp-content\/uploads\/2025\/03\/Camiseta-Has-its-dark-768x1024.png\" \/>\n\t<meta property=\"og:image:width\" content=\"768\" \/>\n\t<meta property=\"og:image:height\" content=\"1024\" \/>\n\t<meta property=\"og:image:type\" content=\"image\/png\" \/>\n<meta name=\"twitter:card\" content=\"summary_large_image\" \/>\n<meta name=\"twitter:label1\" content=\"Tiempo de lectura\" \/>\n\t<meta name=\"twitter:data1\" content=\"1 minuto\" \/>\n<script type=\"application\/ld+json\" class=\"yoast-schema-graph\">{\"@context\":\"https:\\\/\\\/schema.org\",\"@graph\":[{\"@type\":\"WebPage\",\"@id\":\"https:\\\/\\\/eriksegel.com\\\/product\\\/hasitsdark-tshirt\\\/?currency=eur\",\"url\":\"https:\\\/\\\/eriksegel.com\\\/product\\\/hasitsdark-tshirt\\\/?currency=eur\",\"name\":\"Has Its Dark T-Shirt - eriksegel.com\",\"isPartOf\":{\"@id\":\"https:\\\/\\\/eriksegel.com\\\/#website\"},\"primaryImageOfPage\":{\"@id\":\"https:\\\/\\\/eriksegel.com\\\/product\\\/hasitsdark-tshirt\\\/?currency=eur#primaryimage\"},\"image\":{\"@id\":\"https:\\\/\\\/eriksegel.com\\\/product\\\/hasitsdark-tshirt\\\/?currency=eur#primaryimage\"},\"thumbnailUrl\":\"https:\\\/\\\/eriksegel.com\\\/wp-content\\\/uploads\\\/2025\\\/03\\\/Camiseta-Has-its-dark.png\",\"datePublished\":\"2025-03-27T18:42:50+00:00\",\"dateModified\":\"2025-06-12T14:54:18+00:00\",\"breadcrumb\":{\"@id\":\"https:\\\/\\\/eriksegel.com\\\/product\\\/hasitsdark-tshirt\\\/?currency=eur#breadcrumb\"},\"inLanguage\":\"es\",\"potentialAction\":[{\"@type\":\"ReadAction\",\"target\":[\"https:\\\/\\\/eriksegel.com\\\/product\\\/hasitsdark-tshirt\\\/?currency=eur\"]}]},{\"@type\":\"ImageObject\",\"inLanguage\":\"es\",\"@id\":\"https:\\\/\\\/eriksegel.com\\\/product\\\/hasitsdark-tshirt\\\/?currency=eur#primaryimage\",\"url\":\"https:\\\/\\\/eriksegel.com\\\/wp-content\\\/uploads\\\/2025\\\/03\\\/Camiseta-Has-its-dark.png\",\"contentUrl\":\"https:\\\/\\\/eriksegel.com\\\/wp-content\\\/uploads\\\/2025\\\/03\\\/Camiseta-Has-its-dark.png\",\"width\":1500,\"height\":2000},{\"@type\":\"BreadcrumbList\",\"@id\":\"https:\\\/\\\/eriksegel.com\\\/product\\\/hasitsdark-tshirt\\\/?currency=eur#breadcrumb\",\"itemListElement\":[{\"@type\":\"ListItem\",\"position\":1,\"name\":\"Home\",\"item\":\"https:\\\/\\\/eriksegel.com\\\/?currency=eur\"},{\"@type\":\"ListItem\",\"position\":2,\"name\":\"Shop\",\"item\":\"https:\\\/\\\/eriksegel.com\\\/shop\\\/?currency=eur\"},{\"@type\":\"ListItem\",\"position\":3,\"name\":\"Has Its Dark T-Shirt\"}]},{\"@type\":\"WebSite\",\"@id\":\"https:\\\/\\\/eriksegel.com\\\/#website\",\"url\":\"https:\\\/\\\/eriksegel.com\\\/\",\"name\":\"eriksegel.com\",\"description\":\"\",\"publisher\":{\"@id\":\"https:\\\/\\\/eriksegel.com\\\/#\\\/schema\\\/person\\\/3a891e1f9cb78336ef855e8039d1db26\"},\"potentialAction\":[{\"@type\":\"SearchAction\",\"target\":{\"@type\":\"EntryPoint\",\"urlTemplate\":\"https:\\\/\\\/eriksegel.com\\\/?s={search_term_string}\"},\"query-input\":{\"@type\":\"PropertyValueSpecification\",\"valueRequired\":true,\"valueName\":\"search_term_string\"}}],\"inLanguage\":\"es\"},{\"@type\":[\"Person\",\"Organization\"],\"@id\":\"https:\\\/\\\/eriksegel.com\\\/#\\\/schema\\\/person\\\/3a891e1f9cb78336ef855e8039d1db26\",\"name\":\"Erik Segel\",\"image\":{\"@type\":\"ImageObject\",\"inLanguage\":\"es\",\"@id\":\"https:\\\/\\\/eriksegel.com\\\/wp-content\\\/uploads\\\/2025\\\/03\\\/Erik_01_F-copia-scaled.jpg\",\"url\":\"https:\\\/\\\/eriksegel.com\\\/wp-content\\\/uploads\\\/2025\\\/03\\\/Erik_01_F-copia-scaled.jpg\",\"contentUrl\":\"https:\\\/\\\/eriksegel.com\\\/wp-content\\\/uploads\\\/2025\\\/03\\\/Erik_01_F-copia-scaled.jpg\",\"width\":2560,\"height\":1308,\"caption\":\"Erik Segel\"},\"logo\":{\"@id\":\"https:\\\/\\\/eriksegel.com\\\/wp-content\\\/uploads\\\/2025\\\/03\\\/Erik_01_F-copia-scaled.jpg\"},\"sameAs\":[\"http:\\\/\\\/eriksegel.com\",\"https:\\\/\\\/www.facebook.com\\\/erikksegel\",\"https:\\\/\\\/www.instagram.com\\\/eriksegel\",\"https:\\\/\\\/www.youtube.com\\\/eriksegel\"]}]}<\/script>\n<!-- \/ Yoast SEO plugin. -->","yoast_head_json":{"title":"Has Its Dark T-Shirt - eriksegel.com","robots":{"index":"index","follow":"follow","max-snippet":"max-snippet:-1","max-image-preview":"max-image-preview:large","max-video-preview":"max-video-preview:-1"},"canonical":"https:\/\/eriksegel.com\/es\/producto\/hasitsdark-tshirt\/?currency=eur","og_locale":"es_ES","og_type":"article","og_title":"Has Its Dark T-Shirt - eriksegel.com","og_description":"\"Has its dark\" T-shirt \u00b7 100% cotton \u00b7 Roly Atomic 150 \u00b7 Important: The Roly Atomic 150 T-shirt line is made from a lightweight fabric that tends to shrink in the first few washes. It also has a rather slim fit. We recommend choosing one size larger than you usually wear in other T-shirts. &nbsp;  T-shirt size chart:     Size   Measurements    S [48cm\/69cm]   M [50cm\/71cm]   L [54cm\/73cm]   XL [58cm\/75cm]   2XL [62cm\/77cm]   3XL [66cm\/79cm]","og_url":"https:\/\/eriksegel.com\/es\/producto\/hasitsdark-tshirt\/?currency=eur","og_site_name":"eriksegel.com","article_publisher":"https:\/\/www.facebook.com\/erikksegel","article_modified_time":"2025-06-12T14:54:18+00:00","og_image":[{"width":768,"height":1024,"url":"https:\/\/eriksegel.com\/wp-content\/uploads\/2025\/03\/Camiseta-Has-its-dark-768x1024.png","type":"image\/png"}],"twitter_card":"summary_large_image","twitter_misc":{"Tiempo de lectura":"1 minuto"},"schema":{"@context":"https:\/\/schema.org","@graph":[{"@type":"WebPage","@id":"https:\/\/eriksegel.com\/product\/hasitsdark-tshirt\/?currency=eur","url":"https:\/\/eriksegel.com\/product\/hasitsdark-tshirt\/?currency=eur","name":"Has Its Dark T-Shirt - eriksegel.com","isPartOf":{"@id":"https:\/\/eriksegel.com\/#website"},"primaryImageOfPage":{"@id":"https:\/\/eriksegel.com\/product\/hasitsdark-tshirt\/?currency=eur#primaryimage"},"image":{"@id":"https:\/\/eriksegel.com\/product\/hasitsdark-tshirt\/?currency=eur#primaryimage"},"thumbnailUrl":"https:\/\/eriksegel.com\/wp-content\/uploads\/2025\/03\/Camiseta-Has-its-dark.png","datePublished":"2025-03-27T18:42:50+00:00","dateModified":"2025-06-12T14:54:18+00:00","breadcrumb":{"@id":"https:\/\/eriksegel.com\/product\/hasitsdark-tshirt\/?currency=eur#breadcrumb"},"inLanguage":"es","potentialAction":[{"@type":"ReadAction","target":["https:\/\/eriksegel.com\/product\/hasitsdark-tshirt\/?currency=eur"]}]},{"@type":"ImageObject","inLanguage":"es","@id":"https:\/\/eriksegel.com\/product\/hasitsdark-tshirt\/?currency=eur#primaryimage","url":"https:\/\/eriksegel.com\/wp-content\/uploads\/2025\/03\/Camiseta-Has-its-dark.png","contentUrl":"https:\/\/eriksegel.com\/wp-content\/uploads\/2025\/03\/Camiseta-Has-its-dark.png","width":1500,"height":2000},{"@type":"BreadcrumbList","@id":"https:\/\/eriksegel.com\/product\/hasitsdark-tshirt\/?currency=eur#breadcrumb","itemListElement":[{"@type":"ListItem","position":1,"name":"Home","item":"https:\/\/eriksegel.com\/?currency=eur"},{"@type":"ListItem","position":2,"name":"Shop","item":"https:\/\/eriksegel.com\/shop\/?currency=eur"},{"@type":"ListItem","position":3,"name":"Has Its Dark T-Shirt"}]},{"@type":"WebSite","@id":"https:\/\/eriksegel.com\/#website","url":"https:\/\/eriksegel.com\/","name":"eriksegel.com","description":"","publisher":{"@id":"https:\/\/eriksegel.com\/#\/schema\/person\/3a891e1f9cb78336ef855e8039d1db26"},"potentialAction":[{"@type":"SearchAction","target":{"@type":"EntryPoint","urlTemplate":"https:\/\/eriksegel.com\/?s={search_term_string}"},"query-input":{"@type":"PropertyValueSpecification","valueRequired":true,"valueName":"search_term_string"}}],"inLanguage":"es"},{"@type":["Person","Organization"],"@id":"https:\/\/eriksegel.com\/#\/schema\/person\/3a891e1f9cb78336ef855e8039d1db26","name":"Erik Segel","image":{"@type":"ImageObject","inLanguage":"es","@id":"https:\/\/eriksegel.com\/wp-content\/uploads\/2025\/03\/Erik_01_F-copia-scaled.jpg","url":"https:\/\/eriksegel.com\/wp-content\/uploads\/2025\/03\/Erik_01_F-copia-scaled.jpg","contentUrl":"https:\/\/eriksegel.com\/wp-content\/uploads\/2025\/03\/Erik_01_F-copia-scaled.jpg","width":2560,"height":1308,"caption":"Erik Segel"},"logo":{"@id":"https:\/\/eriksegel.com\/wp-content\/uploads\/2025\/03\/Erik_01_F-copia-scaled.jpg"},"sameAs":["http:\/\/eriksegel.com","https:\/\/www.facebook.com\/erikksegel","https:\/\/www.instagram.com\/eriksegel","https:\/\/www.youtube.com\/eriksegel"]}]}},"uagb_featured_image_src":{"full":["https:\/\/eriksegel.com\/wp-content\/uploads\/2025\/03\/Camiseta-Has-its-dark.png",1500,2000,false],"thumbnail":["https:\/\/eriksegel.com\/wp-content\/uploads\/2025\/03\/Camiseta-Has-its-dark-150x150.png",150,150,true],"medium":["https:\/\/eriksegel.com\/wp-content\/uploads\/2025\/03\/Camiseta-Has-its-dark-225x300.png",225,300,true],"medium_large":["https:\/\/eriksegel.com\/wp-content\/uploads\/2025\/03\/Camiseta-Has-its-dark-768x1024.png",768,1024,true],"large":["https:\/\/eriksegel.com\/wp-content\/uploads\/2025\/03\/Camiseta-Has-its-dark-768x1024.png",768,1024,true],"1536x1536":["https:\/\/eriksegel.com\/wp-content\/uploads\/2025\/03\/Camiseta-Has-its-dark-1152x1536.png",1152,1536,true],"2048x2048":["https:\/\/eriksegel.com\/wp-content\/uploads\/2025\/03\/Camiseta-Has-its-dark.png",1500,2000,false],"trp-custom-language-flag":["https:\/\/eriksegel.com\/wp-content\/uploads\/2025\/03\/Camiseta-Has-its-dark.png",9,12,false],"woocommerce_thumbnail":["https:\/\/eriksegel.com\/wp-content\/uploads\/2025\/03\/Camiseta-Has-its-dark-300x300.png",300,300,true],"woocommerce_single":["https:\/\/eriksegel.com\/wp-content\/uploads\/2025\/03\/Camiseta-Has-its-dark-600x800.png",600,800,true],"woocommerce_gallery_thumbnail":["https:\/\/eriksegel.com\/wp-content\/uploads\/2025\/03\/Camiseta-Has-its-dark-100x100.png",100,100,true]},"uagb_author_info":{"display_name":"Erik Segel","author_link":"https:\/\/eriksegel.com\/es\/author\/"},"uagb_comment_info":0,"uagb_excerpt":"\"Has its dark\" T-shirt \u00b7 100% cotton \u00b7 Roly Atomic 150 \u00b7 Important: The Roly Atomic 150 T-shirt line is made from a lightweight fabric that tends to shrink in the first few washes. It also has a rather slim fit. We recommend choosing one size larger than you usually wear in other T-shirts. &nbsp;&hellip;","_links":{"self":[{"href":"https:\/\/eriksegel.com\/es\/wp-json\/wp\/v2\/product\/1955","targetHints":{"allow":["GET"]}}],"collection":[{"href":"https:\/\/eriksegel.com\/es\/wp-json\/wp\/v2\/product"}],"about":[{"href":"https:\/\/eriksegel.com\/es\/wp-json\/wp\/v2\/types\/product"}],"wp:featuredmedia":[{"embeddable":true,"href":"https:\/\/eriksegel.com\/es\/wp-json\/wp\/v2\/media\/1974"}],"wp:attachment":[{"href":"https:\/\/eriksegel.com\/es\/wp-json\/wp\/v2\/media?parent=1955"}],"wp:term":[{"taxonomy":"product_brand","embeddable":true,"href":"https:\/\/eriksegel.com\/es\/wp-json\/wp\/v2\/product_brand?post=1955"},{"taxonomy":"product_cat","embeddable":true,"href":"https:\/\/eriksegel.com\/es\/wp-json\/wp\/v2\/product_cat?post=1955"},{"taxonomy":"product_tag","embeddable":true,"href":"https:\/\/eriksegel.com\/es\/wp-json\/wp\/v2\/product_tag?post=1955"}],"curies":[{"name":"wp","href":"https:\/\/api.w.org\/{rel}","templated":true}]}}