{"id":296,"date":"2025-03-09T19:32:09","date_gmt":"2025-03-09T19:32:09","guid":{"rendered":"https:\/\/eriksegel.com\/home\/"},"modified":"2025-05-21T07:30:06","modified_gmt":"2025-05-21T07:30:06","slug":"home","status":"publish","type":"page","link":"https:\/\/eriksegel.com\/es\/","title":{"rendered":"Home"},"content":{"rendered":"<div class=\"wp-block-uagb-container uagb-block-6a844efb alignfull uagb-is-root-container\"><div class=\"uagb-container-inner-blocks-wrap\"><\/div><\/div>\n\n\n\n<div class=\"wp-block-uagb-advanced-heading uagb-block-b7545250\"><h2 class=\"uagb-heading-text\"><a href=\"https:\/\/eriksegel.com\/es\/producto\/cd-bluehour\/\" title=\"\">Blue Hour<\/a> \u00b7 Ya disponible<\/h2><\/div>\n\n\n\n<figure class=\"wp-block-embed is-type-video is-provider-youtube wp-block-embed-youtube wp-embed-aspect-16-9 wp-has-aspect-ratio\" style=\"margin-top:3.5rem;margin-right:0;margin-bottom:3.5rem;margin-left:0\"><div class=\"wp-block-embed__wrapper\">\n<iframe loading=\"lazy\" title=\"Erik Segel - Change (Official Video)\" width=\"500\" height=\"281\" src=\"https:\/\/www.youtube.com\/embed\/Apt16E9GfCw?list=PLdi0k8oMiSQ5EZz2RSYyl1BEsSj5rO2bL\" frameborder=\"0\" allow=\"accelerometer; autoplay; clipboard-write; encrypted-media; gyroscope; picture-in-picture; web-share\" referrerpolicy=\"strict-origin-when-cross-origin\" allowfullscreen><\/iframe>\n<\/div><\/figure>\n\n\n\n<div class=\"wp-block-uagb-container uagb-block-90efab9f alignfull uagb-is-root-container\"><div class=\"uagb-container-inner-blocks-wrap\"><\/div><\/div>\n\n\n\n<div class=\"wp-block-uagb-container uagb-block-fa7bd58c alignfull uagb-is-root-container\"><div class=\"uagb-container-inner-blocks-wrap\">\n<div class=\"wp-block-uagb-advanced-heading uagb-block-d10752ff\"><h3 class=\"uagb-heading-text\">Biograf\u00eda<\/h3><\/div>\n\n\n\n<div class=\"wp-block-uagb-container uagb-block-ac31fdb3\">\n<div class=\"wp-block-uagb-container uagb-block-e9794530\">\n<div class=\"wp-block-uagb-advanced-heading uagb-block-09658496\"><p class=\"uagb-desc-text\">De entre las sombras del folk m\u00e1s melanc\u00f3lico, Erik Segel emerge con su voz profunda, su piano hipn\u00f3tico y sus letras desgarradoras. Este cantautor crea m\u00fasica que no solo llega a tus o\u00eddos: merodea en todos tus lugares secretos.<br><br>Tras 20 a\u00f1os elaborando su toque, ha brotado un sonido lento y ritualista de un romanticismo crudo y de influencias como Leonard Cohen, Matt Elliott, Gravenhurst y Low Roar. Definitivamente no est\u00e1 aqu\u00ed para agradar, sino para desgarrar, remover y conmover. Sus canciones exploran el amor, la indiferencia, la tristeza, el trauma y una b\u00fasqueda espiritual que trasciende g\u00e9neros y etiquetas.<br><br>DISCOGRAF\u00cdA <br>\u2022 <a href=\"https:\/\/eriksegel.com\/es\/producto\/cd-onenightmarriage\/\" title=\"\"><strong>One-Night Marriage<\/strong>  (2019)<\/a> \u2013 El v\u00ednculo ef\u00edmero que lo cambia todo<br>\u2022 <a href=\"https:\/\/eriksegel.com\/es\/producto\/cd-hasitsdark\/\" title=\"\"><strong>Has Its Dark<\/strong>  (2021)<\/a> \u2013 Porque hasta la luz m\u00e1s brillante tiene su sombra<br>\u2022 <a href=\"https:\/\/eriksegel.com\/es\/producto\/cd-bluehour\/\" title=\"\"><strong>Blue Hour <\/strong> (2025)<\/a> \u2013 Cuando la noche y el d\u00eda se difuminan, y surge la verdad desnuda<br><br>Adem\u00e1s de la m\u00fasica, Erik tambi\u00e9n ha dejado su huella en la literatura con su poemario \"Luz de Velas\" (2013) \u2014una exploraci\u00f3n visceral del amor y la melancol\u00eda. El destino final: la m\u00fasica abrazando la tristeza y convirti\u00e9ndola en belleza. Baja todos los escudos y sum\u00e9rgete en suspiros de sangre y tiempo.<\/p><\/div>\n<\/div>\n<\/div>\n<\/div><\/div>\n\n\n\n<div class=\"wp-block-uagb-container uagb-block-209bee37 alignfull uagb-is-root-container\"><\/div>","protected":false},"excerpt":{"rendered":"<p>Blue Hour \u00b7 Out Now Biography From the shadows of the most melancholic folk, Erik Segel emerges with his deep voice, hypnotic piano, and soul-piercing lyrics. This singer-songwriter creates music that doesn&#8217;t just reach your ears \u2014it lingers in all of your secret places. After 20 years crafting his touch, a slow, ritualistic sound draws [&hellip;]<\/p>","protected":false},"author":1,"featured_media":0,"parent":0,"menu_order":0,"comment_status":"closed","ping_status":"closed","template":"","meta":{"_surecart_dashboard_logo_width":"180px","_surecart_dashboard_show_logo":true,"_surecart_dashboard_navigation_orders":true,"_surecart_dashboard_navigation_invoices":true,"_surecart_dashboard_navigation_subscriptions":true,"_surecart_dashboard_navigation_downloads":true,"_surecart_dashboard_navigation_billing":true,"_surecart_dashboard_navigation_account":true,"_uag_custom_page_level_css":"","site-sidebar-layout":"no-sidebar","site-content-layout":"plain-container","ast-site-content-layout":"full-width-container","site-content-style":"unboxed","site-sidebar-style":"unboxed","ast-global-header-display":"","ast-banner-title-visibility":"","ast-main-header-display":"","ast-hfb-above-header-display":"","ast-hfb-below-header-display":"","ast-hfb-mobile-header-display":"","site-post-title":"disabled","ast-breadcrumbs-content":"","ast-featured-img":"","footer-sml-layout":"","ast-disable-related-posts":"","theme-transparent-header-meta":"enabled","adv-header-id-meta":"","stick-header-meta":"","header-above-stick-meta":"","header-main-stick-meta":"","header-below-stick-meta":"","astra-migrate-meta-layouts":"set","ast-page-background-enabled":"default","ast-page-background-meta":{"desktop":{"background-color":"","background-image":"","background-repeat":"repeat","background-position":"center center","background-size":"auto","background-attachment":"scroll","background-type":"","background-media":"","overlay-type":"","overlay-color":"","overlay-opacity":"","overlay-gradient":""},"tablet":{"background-color":"","background-image":"","background-repeat":"repeat","background-position":"center center","background-size":"auto","background-attachment":"scroll","background-type":"","background-media":"","overlay-type":"","overlay-color":"","overlay-opacity":"","overlay-gradient":""},"mobile":{"background-color":"","background-image":"","background-repeat":"repeat","background-position":"center center","background-size":"auto","background-attachment":"scroll","background-type":"","background-media":"","overlay-type":"","overlay-color":"","overlay-opacity":"","overlay-gradient":""}},"ast-content-background-meta":{"desktop":{"background-color":"var(--ast-global-color-5)","background-image":"","background-repeat":"repeat","background-position":"center center","background-size":"auto","background-attachment":"scroll","background-type":"","background-media":"","overlay-type":"","overlay-color":"","overlay-opacity":"","overlay-gradient":""},"tablet":{"background-color":"var(--ast-global-color-5)","background-image":"","background-repeat":"repeat","background-position":"center center","background-size":"auto","background-attachment":"scroll","background-type":"","background-media":"","overlay-type":"","overlay-color":"","overlay-opacity":"","overlay-gradient":""},"mobile":{"background-color":"var(--ast-global-color-5)","background-image":"","background-repeat":"repeat","background-position":"center center","background-size":"auto","background-attachment":"scroll","background-type":"","background-media":"","overlay-type":"","overlay-color":"","overlay-opacity":"","overlay-gradient":""}},"footnotes":""},"class_list":["post-296","page","type-page","status-publish","hentry"],"yoast_head":"<!-- This site is optimized with the Yoast SEO plugin v27.4 - https:\/\/yoast.com\/product\/yoast-seo-wordpress\/ -->\n<title>Erik Segel - Official Website<\/title>\n<meta name=\"description\" content=\"Erik Segel - Dark folk songwriter | Official website and shop.\" \/>\n<meta name=\"robots\" content=\"index, follow, max-snippet:-1, max-image-preview:large, max-video-preview:-1\" \/>\n<link rel=\"canonical\" href=\"https:\/\/eriksegel.com\/es\/\" \/>\n<meta property=\"og:locale\" content=\"es_ES\" \/>\n<meta property=\"og:type\" content=\"article\" \/>\n<meta property=\"og:title\" content=\"Erik Segel - Official Website\" \/>\n<meta property=\"og:description\" content=\"Dark folk songwriter | Official Website and Shop\" \/>\n<meta property=\"og:url\" content=\"https:\/\/eriksegel.com\/es\/\" \/>\n<meta property=\"og:site_name\" content=\"eriksegel.com\" \/>\n<meta property=\"article:publisher\" content=\"https:\/\/www.facebook.com\/erikksegel\" \/>\n<meta property=\"article:modified_time\" content=\"2025-05-21T07:30:06+00:00\" \/>\n<meta property=\"og:image\" content=\"https:\/\/eriksegel.com\/wp-content\/uploads\/2025\/03\/Erik_01_F-copia-scaled.jpg\" \/>\n\t<meta property=\"og:image:width\" content=\"2560\" \/>\n\t<meta property=\"og:image:height\" content=\"1308\" \/>\n\t<meta property=\"og:image:type\" content=\"image\/jpeg\" \/>\n<meta name=\"twitter:card\" content=\"summary_large_image\" \/>\n<meta name=\"twitter:label1\" content=\"Tiempo de lectura\" \/>\n\t<meta name=\"twitter:data1\" content=\"1 minuto\" \/>\n<script type=\"application\/ld+json\" class=\"yoast-schema-graph\">{\"@context\":\"https:\\\/\\\/schema.org\",\"@graph\":[{\"@type\":\"WebPage\",\"@id\":\"https:\\\/\\\/eriksegel.com\\\/?currency=eur\",\"url\":\"https:\\\/\\\/eriksegel.com\",\"name\":\"Erik Segel - Official Website\",\"isPartOf\":{\"@id\":\"https:\\\/\\\/eriksegel.com\\\/#website\"},\"datePublished\":\"2025-03-09T19:32:09+00:00\",\"dateModified\":\"2025-05-21T07:30:06+00:00\",\"description\":\"Erik Segel - Dark folk songwriter | Official website and shop.\",\"breadcrumb\":{\"@id\":\"https:\\\/\\\/eriksegel.com#breadcrumb\"},\"inLanguage\":\"es\",\"potentialAction\":[{\"@type\":\"ReadAction\",\"target\":[\"https:\\\/\\\/eriksegel.com\"]}]},{\"@type\":\"BreadcrumbList\",\"@id\":\"https:\\\/\\\/eriksegel.com#breadcrumb\",\"itemListElement\":[{\"@type\":\"ListItem\",\"position\":1,\"name\":\"Home\",\"item\":\"https:\\\/\\\/eriksegel.com\\\/?currency=eur\"},{\"@type\":\"ListItem\",\"position\":2,\"name\":\"Home\"}]},{\"@type\":\"WebSite\",\"@id\":\"https:\\\/\\\/eriksegel.com\\\/#website\",\"url\":\"https:\\\/\\\/eriksegel.com\\\/\",\"name\":\"eriksegel.com\",\"description\":\"\",\"publisher\":{\"@id\":\"https:\\\/\\\/eriksegel.com\\\/#\\\/schema\\\/person\\\/3a891e1f9cb78336ef855e8039d1db26\"},\"potentialAction\":[{\"@type\":\"SearchAction\",\"target\":{\"@type\":\"EntryPoint\",\"urlTemplate\":\"https:\\\/\\\/eriksegel.com\\\/?s={search_term_string}\"},\"query-input\":{\"@type\":\"PropertyValueSpecification\",\"valueRequired\":true,\"valueName\":\"search_term_string\"}}],\"inLanguage\":\"es\"},{\"@type\":[\"Person\",\"Organization\"],\"@id\":\"https:\\\/\\\/eriksegel.com\\\/#\\\/schema\\\/person\\\/3a891e1f9cb78336ef855e8039d1db26\",\"name\":\"Erik Segel\",\"image\":{\"@type\":\"ImageObject\",\"inLanguage\":\"es\",\"@id\":\"https:\\\/\\\/eriksegel.com\\\/wp-content\\\/uploads\\\/2025\\\/03\\\/Erik_01_F-copia-scaled.jpg\",\"url\":\"https:\\\/\\\/eriksegel.com\\\/wp-content\\\/uploads\\\/2025\\\/03\\\/Erik_01_F-copia-scaled.jpg\",\"contentUrl\":\"https:\\\/\\\/eriksegel.com\\\/wp-content\\\/uploads\\\/2025\\\/03\\\/Erik_01_F-copia-scaled.jpg\",\"width\":2560,\"height\":1308,\"caption\":\"Erik Segel\"},\"logo\":{\"@id\":\"https:\\\/\\\/eriksegel.com\\\/wp-content\\\/uploads\\\/2025\\\/03\\\/Erik_01_F-copia-scaled.jpg\"},\"sameAs\":[\"http:\\\/\\\/eriksegel.com\",\"https:\\\/\\\/www.facebook.com\\\/erikksegel\",\"https:\\\/\\\/www.instagram.com\\\/eriksegel\",\"https:\\\/\\\/www.youtube.com\\\/eriksegel\"]}]}<\/script>\n<!-- \/ Yoast SEO plugin. -->","yoast_head_json":{"title":"Erik Segel - Official Website","description":"Erik Segel - Dark folk songwriter | Official website and shop.","robots":{"index":"index","follow":"follow","max-snippet":"max-snippet:-1","max-image-preview":"max-image-preview:large","max-video-preview":"max-video-preview:-1"},"canonical":"https:\/\/eriksegel.com\/es\/","og_locale":"es_ES","og_type":"article","og_title":"Erik Segel - Official Website","og_description":"Dark folk songwriter | Official Website and Shop","og_url":"https:\/\/eriksegel.com\/es\/","og_site_name":"eriksegel.com","article_publisher":"https:\/\/www.facebook.com\/erikksegel","article_modified_time":"2025-05-21T07:30:06+00:00","og_image":[{"width":2560,"height":1308,"url":"https:\/\/eriksegel.com\/wp-content\/uploads\/2025\/03\/Erik_01_F-copia-scaled.jpg","type":"image\/jpeg"}],"twitter_card":"summary_large_image","twitter_misc":{"Tiempo de lectura":"1 minuto"},"schema":{"@context":"https:\/\/schema.org","@graph":[{"@type":"WebPage","@id":"https:\/\/eriksegel.com\/?currency=eur","url":"https:\/\/eriksegel.com","name":"Erik Segel - Official Website","isPartOf":{"@id":"https:\/\/eriksegel.com\/#website"},"datePublished":"2025-03-09T19:32:09+00:00","dateModified":"2025-05-21T07:30:06+00:00","description":"Erik Segel - Dark folk songwriter | Official website and shop.","breadcrumb":{"@id":"https:\/\/eriksegel.com#breadcrumb"},"inLanguage":"es","potentialAction":[{"@type":"ReadAction","target":["https:\/\/eriksegel.com"]}]},{"@type":"BreadcrumbList","@id":"https:\/\/eriksegel.com#breadcrumb","itemListElement":[{"@type":"ListItem","position":1,"name":"Home","item":"https:\/\/eriksegel.com\/?currency=eur"},{"@type":"ListItem","position":2,"name":"Home"}]},{"@type":"WebSite","@id":"https:\/\/eriksegel.com\/#website","url":"https:\/\/eriksegel.com\/","name":"eriksegel.com","description":"","publisher":{"@id":"https:\/\/eriksegel.com\/#\/schema\/person\/3a891e1f9cb78336ef855e8039d1db26"},"potentialAction":[{"@type":"SearchAction","target":{"@type":"EntryPoint","urlTemplate":"https:\/\/eriksegel.com\/?s={search_term_string}"},"query-input":{"@type":"PropertyValueSpecification","valueRequired":true,"valueName":"search_term_string"}}],"inLanguage":"es"},{"@type":["Person","Organization"],"@id":"https:\/\/eriksegel.com\/#\/schema\/person\/3a891e1f9cb78336ef855e8039d1db26","name":"Erik Segel","image":{"@type":"ImageObject","inLanguage":"es","@id":"https:\/\/eriksegel.com\/wp-content\/uploads\/2025\/03\/Erik_01_F-copia-scaled.jpg","url":"https:\/\/eriksegel.com\/wp-content\/uploads\/2025\/03\/Erik_01_F-copia-scaled.jpg","contentUrl":"https:\/\/eriksegel.com\/wp-content\/uploads\/2025\/03\/Erik_01_F-copia-scaled.jpg","width":2560,"height":1308,"caption":"Erik Segel"},"logo":{"@id":"https:\/\/eriksegel.com\/wp-content\/uploads\/2025\/03\/Erik_01_F-copia-scaled.jpg"},"sameAs":["http:\/\/eriksegel.com","https:\/\/www.facebook.com\/erikksegel","https:\/\/www.instagram.com\/eriksegel","https:\/\/www.youtube.com\/eriksegel"]}]}},"uagb_featured_image_src":{"full":false,"thumbnail":false,"medium":false,"medium_large":false,"large":false,"1536x1536":false,"2048x2048":false,"trp-custom-language-flag":false,"woocommerce_thumbnail":false,"woocommerce_single":false,"woocommerce_gallery_thumbnail":false},"uagb_author_info":{"display_name":"Erik Segel","author_link":"https:\/\/eriksegel.com\/es\/author\/segel3478gmail-com\/"},"uagb_comment_info":0,"uagb_excerpt":"Blue Hour \u00b7 Out Now Biography From the shadows of the most melancholic folk, Erik Segel emerges with his deep voice, hypnotic piano, and soul-piercing lyrics. This singer-songwriter creates music that doesn&#8217;t just reach your ears \u2014it lingers in all of your secret places. After 20 years crafting his touch, a slow, ritualistic sound draws&hellip;","_links":{"self":[{"href":"https:\/\/eriksegel.com\/es\/wp-json\/wp\/v2\/pages\/296","targetHints":{"allow":["GET"]}}],"collection":[{"href":"https:\/\/eriksegel.com\/es\/wp-json\/wp\/v2\/pages"}],"about":[{"href":"https:\/\/eriksegel.com\/es\/wp-json\/wp\/v2\/types\/page"}],"author":[{"embeddable":true,"href":"https:\/\/eriksegel.com\/es\/wp-json\/wp\/v2\/users\/1"}],"replies":[{"embeddable":true,"href":"https:\/\/eriksegel.com\/es\/wp-json\/wp\/v2\/comments?post=296"}],"version-history":[{"count":90,"href":"https:\/\/eriksegel.com\/es\/wp-json\/wp\/v2\/pages\/296\/revisions"}],"predecessor-version":[{"id":2268,"href":"https:\/\/eriksegel.com\/es\/wp-json\/wp\/v2\/pages\/296\/revisions\/2268"}],"wp:attachment":[{"href":"https:\/\/eriksegel.com\/es\/wp-json\/wp\/v2\/media?parent=296"}],"curies":[{"name":"wp","href":"https:\/\/api.w.org\/{rel}","templated":true}]}}